{"id":6316,"date":"2021-03-21T12:13:06","date_gmt":"2021-03-21T12:13:06","guid":{"rendered":"https:\/\/www.programozotegyorara.hu\/?page_id=6316"},"modified":"2026-03-15T07:48:29","modified_gmt":"2026-03-15T07:48:29","slug":"megbizhato-wordpress-programozo","status":"publish","type":"page","link":"https:\/\/www.programozotegyorara.hu\/en\/megbizhato-wordpress-programozo\/","title":{"rendered":"About"},"content":{"rendered":"<div class=\"et_pb_section_0 et_pb_section et_pb_fullwidth_section et_section_regular et_block_section section_has_divider et_pb_bottom_divider\">\n<div class=\"et_pb_fullwidth_image_0 et_pb_fullwidth_image et_pb_module\"><img loading=\"lazy\" decoding=\"async\" src=\"https:\/\/www.programozotegyorara.hu\/wp-content\/uploads\/2024\/03\/sleeping-girl-strip.jpg\" width=\"1456\" height=\"431\" srcset=\"https:\/\/www.programozotegyorara.hu\/wp-content\/uploads\/2024\/03\/sleeping-girl-strip.jpg 1456w, https:\/\/www.programozotegyorara.hu\/wp-content\/uploads\/2024\/03\/sleeping-girl-strip-1280x379.jpg 1280w, https:\/\/www.programozotegyorara.hu\/wp-content\/uploads\/2024\/03\/sleeping-girl-strip-980x290.jpg 980w, https:\/\/www.programozotegyorara.hu\/wp-content\/uploads\/2024\/03\/sleeping-girl-strip-480x142.jpg 480w\" sizes=\"(min-width: 0px) and (max-width: 480px) 480px, (min-width: 481px) and (max-width: 980px) 980px, (min-width: 981px) and (max-width: 1280px) 1280px, (min-width: 1281px) 1456px, 100vw\" class=\"wp-image-57722\" title=\"sleeping-girl-strip\" \/><\/div>\n<div class=\"et_pb_bottom_inside_divider et-no-transition\"><\/div><\/div>\n\n<div class=\"et_pb_section_1 et_pb_section et_section_regular et_block_section\">\n<div class=\"et_pb_row_0 et_pb_row et_block_row\">\n<div class=\"et_pb_column_0 et_pb_column et_pb_column_4_4 et-last-child et_block_column et_pb_css_mix_blend_mode_passthrough\">\n<div class=\"et_pb_text_0 et_pb_text et_pb_bg_layout_light et_pb_module et_block_module\"><div class=\"et_pb_text_inner\"><h4>About<\/h4>\n<\/div><\/div>\n<\/div>\n<\/div>\n\n<div class=\"et_pb_row_1 et_pb_row et_block_row\">\n<div class=\"et_pb_column_1 et_pb_column et_pb_column_3_5 et_block_column et_pb_css_mix_blend_mode_passthrough\">\n<div class=\"et_pb_text_1 et_pb_text et_pb_bg_layout_light et_pb_module et_block_module\"><div class=\"et_pb_text_inner\"><p>I created <strong>this service<\/strong> because, in my experience, it's getting difficult to find a WordPress developer who:<\/p>\n<ul>\n<li style=\"text-align: left;\">j\u00f3l kommunik\u00e1l, odafigyel \u00e9s nem t\u0171nik el<\/li>\n<li style=\"text-align: left;\">nem cs\u00faszik el a hat\u00e1rid\u0151kkel \u00e9s nem magyar\u00e1zkodik<\/li>\n<li style=\"text-align: left;\">azt csin\u00e1lja, amit k\u00e9rsz, \u00e9s akkorra, amikorra meg\u00edg\u00e9ri<\/li>\n<li style=\"text-align: left;\">nem adminisztr\u00e1lja t\u00fal a munk\u00e1t<\/li>\n<li style=\"text-align: left;\">v\u00e1llal kisebb, egyedi feladatokat, probl\u00e9mamegold\u00e1st, kih\u00edv\u00e1sokat is<\/li>\n<li style=\"text-align: left;\">works at an affordable rate.<\/li>\n<\/ul>\n<p>My hourly rate is 25,000 HUF \/ 65 EUR \/ 75 USD<\/p>\n<\/div><\/div>\n\n<div class=\"et_pb_module et_pb_button_module_wrapper et_pb_button_0_wrapper\"><a class=\"et_pb_button_0 et_pb_button et_pb_bg_layout_light et_pb_module et_block_module\" href=\"https:\/\/www.programozotegyorara.hu\/en\/kapcsolat\/\">Hire Me<\/a><\/div>\n<\/div>\n\n<div class=\"et_pb_column_2 et_pb_column et_pb_column_2_5 et-last-child et_block_column et_pb_css_mix_blend_mode_passthrough\">\n<div class=\"et_pb_image_0 et_pb_image et_pb_image_sticky et_pb_module et_block_module\"><span class=\"et_pb_image_wrap\"><img loading=\"lazy\" decoding=\"async\" src=\"https:\/\/www.programozotegyorara.hu\/wp-content\/uploads\/2021\/03\/adb-profile-new-e1564412741284.png\" width=\"120\" height=\"120\" srcset=\"https:\/\/www.programozotegyorara.hu\/wp-content\/uploads\/2021\/03\/adb-profile-new-e1564412741284.png 120w, https:\/\/www.programozotegyorara.hu\/wp-content\/uploads\/2021\/03\/adb-profile-new-e1564412741284-20x20.png 20w\" sizes=\"(max-width: 120px) 100vw, 120px\" class=\"wp-image-9\" title=\"adb-profile-new-e1564412741284\" \/><\/span><\/div>\n\n<div class=\"et_pb_text_2 et_pb_text et_pb_bg_layout_light et_pb_module et_block_module\"><div class=\"et_pb_text_inner\"><p style=\"text-align: center;\"><strong>Asztalos D\u00e1vid<br \/><\/strong>WordPress Developer<\/p>\n<\/div><\/div>\n\n<div class=\"et_pb_module et_pb_button_module_wrapper et_pb_button_1_wrapper\"><a class=\"et_pb_button_1 et_pb_button et_pb_bg_layout_light et_pb_module et_block_module\" href=\"https:\/\/hu.linkedin.com\/in\/asztalosdavid\">CV on LinkedIn<\/a><\/div>\n\n<div class=\"et_pb_module et_pb_button_module_wrapper et_pb_button_2_wrapper\"><a class=\"et_pb_button_2 et_pb_button et_pb_bg_layout_light et_pb_module et_block_module\" href=\"tel:0036302228260\">06 30 222 8260<\/a><\/div>\n\n<div class=\"et_pb_module et_pb_button_module_wrapper et_pb_button_3_wrapper\"><a class=\"et_pb_button_3 et_pb_button et_pb_bg_layout_light et_pb_module et_block_module\" href=\"mailto:david@programozotegyorara.hu\">E-mail<\/a><\/div>\n<\/div>\n<\/div>\n<\/div>\n\n<div class=\"et_pb_section_2 et_pb_section et_section_regular et_block_section et_pb_section_parallax section_has_divider et_pb_top_divider et_pb_bottom_divider\"><div class=\"et_pb_top_inside_divider et-no-transition\"><\/div><span class=\"et-pb-parallax-wrapper\"><span class=\"et-pb-parallax-background et-pb-parallax-background--css et-pb-parallax-background-module--divi-section-2\" style=\"background-image:url(https:\/\/www.programozotegyorara.hu\/wp-content\/uploads\/2023\/12\/work-1.png)\"><\/span><span class=\"et_parallax_gradient et_pb_parallax_css\" style=\"background-image:linear-gradient(180deg, var(--gcid-88a10511-6079-4477-a68b-65338ece8ea9) 0%,var(--gcid-d946c830-4739-4beb-9749-5eebc85c74b4) 100% 100%)\"><\/span><\/span>\n<div class=\"et_pb_row_2 et_pb_row et_block_row\">\n<div class=\"et_pb_column_3 et_pb_column et_pb_column_4_4 et-last-child et_block_column et_pb_css_mix_blend_mode_passthrough\">\n<div class=\"et_pb_text_3 et_pb_text et_pb_bg_layout_light et_pb_module et_block_module\"><div class=\"et_pb_text_inner\"><h4>Testimonials<\/h4>\n<\/div><\/div>\n<\/div>\n<\/div>\n\n<div class=\"et_pb_row_3 et_pb_row et_block_row\">\n<div class=\"et_pb_column_4 et_pb_column et_pb_column_4_4 et-last-child et_block_column et_pb_css_mix_blend_mode_passthrough\">\n<div class=\"et_pb_slider_0 et_pb_slider et_pb_slider_fullwidth_off et_pb_module et_block_module\"><div class=\"et_pb_slides\">\n<div class=\"et_pb_slide_0 et_pb_slide et_pb_media_alignment_center et_pb_bg_layout_dark et_pb_text_align_center\" data-slide-id=\"divi\/slide-0\"><div class=\"et_pb_container\"><div class=\"et_pb_slider_container_inner\"><div class=\"et_pb_slide_description\"><div class=\"et_pb_slide_content\"><p><sup class=\"fa fa-quote-left\"><\/sup><\/p>\n<blockquote class=\"peo-testimonial-quote\" style = \"font-size: 1.2em !important\"><p>At WPViking Agency, we have a pretty clear view of what it\u2019s like to work with developers\u2014we collaborate with them daily. One of our clients asked us to build a new calculator on WordPress, as they found the existing one too difficult to edit. So we requested all the background materials to understand how the calculations worked.\n\nWhen we reviewed the documentation and technical implementation, we were genuinely stunned. The development was so precise, well-thought-out, and professional\u2014something you rarely come across. It was immediately clear to us: this wasn\u2019t something to replace, but something to preserve like a hidden gem.\n\nIn the end, all we had to do was refine the design\u2014because the backend was flawless. (cont.)<\/p><\/blockquote>\n<p><img decoding=\"async\" src=\"https:\/\/www.programozotegyorara.hu\/wp-content\/uploads\/2025\/04\/nagy-bence.png\" alt=\"\" class=\"wp-image-27 alignnone size-medium peo-testimonial-pic\" \/><\/p>\n<h5 class=\"peo-testimonial-name\">Bence Nagy<\/h5>\n<h6 class=\"peo-testimonial-company\">WPViking Agency<\/h6>\n<\/div><\/div><\/div><\/div><\/div>\n\n<div class=\"et_pb_slide_1 et_pb_slide et_pb_media_alignment_center et_pb_bg_layout_dark et_pb_text_align_center\" data-slide-id=\"divi\/slide-1\"><div class=\"et_pb_container\"><div class=\"et_pb_slider_container_inner\"><div class=\"et_pb_slide_description\"><div class=\"et_pb_slide_content\"><p><sup class=\"fa fa-quote-left\"><\/sup><\/p>\n<blockquote class=\"peo-testimonial-quote\">\n<p>I was so impressed with his work that I asked for D\u00e1vid\u2019s contact details\u2014and I\u2019m glad I did! Since then, we\u2019ve worked together on multiple projects, and each time only confirmed what we already felt: D\u00e1vid\u2019s attitude is exceptional.\n\nWhat really stands out is his pricing system: he always provides a minimum, average, and maximum estimate, which gives outstanding predictability for any project. But perhaps even more important: D\u00e1vid genuinely cares. He doesn\u2019t just do what you ask\u2014if something isn\u2019t a good idea technically, he\u2019ll explain why, clearly and with solid reasoning.\n\nIn short: I can wholeheartedly recommend D\u00e1vid\u2014but cautiously, because I want to keep working with him for a long time! :)<\/p>\n<\/blockquote>\n<p><img decoding=\"async\" src=\"https:\/\/www.programozotegyorara.hu\/wp-content\/uploads\/2025\/04\/nagy-bence.png\" alt=\"\" class=\"wp-image-27 alignnone size-medium peo-testimonial-pic\" \/><\/p>\n<h5 class=\"peo-testimonial-name\">Bence Nagy<\/h5>\n<h6 class=\"peo-testimonial-company\">WPViking Agency<\/h6>\n<\/div><\/div><\/div><\/div><\/div>\n\n<div class=\"et_pb_slide_2 et_pb_slide et_pb_media_alignment_center et_pb_bg_layout_dark et_pb_text_align_center\" data-slide-id=\"divi\/slide-2\"><div class=\"et_pb_container\"><div class=\"et_pb_slider_container_inner\"><div class=\"et_pb_slide_description\"><div class=\"et_pb_slide_content\"><p><sup class=\"fa fa-quote-left\"><\/sup><\/p>\n<blockquote class=\"peo-testimonial-quote\">\n<p>We partnered with D\u00e1vid on a pioneering development: the first Hungarian skin analysis app powered by ChatGPT AI, created for the Chill &amp; Young Beauty brand.\n\nAlthough the project was a pilot\u2014requiring frequent iterations and deadline adjustments\u2014it never left a bad taste. The collaboration remained constructive throughout, response times were minimal, and D\u00e1vid\u2019s experience and consultative mindset greatly enriched the original concept.<\/p>\n<\/blockquote>\n<p><img decoding=\"async\" src=\"https:\/\/www.programozotegyorara.hu\/wp-content\/uploads\/2025\/04\/profilkep.png\" alt=\"\" class=\"wp-image-27 alignnone size-medium peo-testimonial-pic\" \/><\/p>\n<h5 class=\"peo-testimonial-name\">Csilla Czibere<\/h5>\n<h6 class=\"peo-testimonial-company\">Chill &amp; Young Beauty<\/h6>\n<\/div><\/div><\/div><\/div><\/div>\n\n<div class=\"et_pb_slide_3 et_pb_slide et_pb_media_alignment_center et_pb_bg_layout_dark et_pb_text_align_center\" data-slide-id=\"divi\/slide-3\"><div class=\"et_pb_container\"><div class=\"et_pb_slider_container_inner\"><div class=\"et_pb_slide_description\"><div class=\"et_pb_slide_content\"><p><sup class=\"fa fa-quote-left\"><\/sup><\/p>\n<blockquote class=\"peo-testimonial-quote\">\n<p>I'm beyond thrilled to finally have the website I\u2019ve been dreaming of for years\u2014a platform where I can let my creativity flow using brilliant templates, backed by cutting-edge hosting and a trustworthy team of developers keeping everything secure. I never imagined it could all come together in just two weeks. It\u2019s truly a dream come true!<\/p>\n<\/blockquote>\n<p><img decoding=\"async\" src=\"https:\/\/www.programozotegyorara.hu\/wp-content\/uploads\/2022\/05\/molnar_reka.jpg\" alt=\"\" class=\"wp-image-27 alignnone size-medium peo-testimonial-pic\" \/><\/p>\n<h5 class=\"peo-testimonial-name\">R\u00e9ka Moln\u00e1r<\/h5>\n<h6 class=\"peo-testimonial-company\">eradekor.hu<\/h6>\n<\/div><\/div><\/div><\/div><\/div>\n\n<div class=\"et_pb_slide_4 et_pb_slide et_pb_media_alignment_center et_pb_bg_layout_dark et_pb_text_align_center\" data-slide-id=\"divi\/slide-4\"><div class=\"et_pb_container\"><div class=\"et_pb_slider_container_inner\"><div class=\"et_pb_slide_description\"><div class=\"et_pb_slide_content\"><p><sup class=\"fa fa-quote-left\"><\/sup><\/p>\n<blockquote class=\"peo-testimonial-quote\">\n<p>Excellent support! We got fast, professional help from D\u00e1vid, who not only fixed the issue but also created a well-structured, logically planned development workflow. Thanks to that, we were finally able to move forward after being stuck for so long.<\/p>\n<\/blockquote>\n<p><img decoding=\"async\" src=\"https:\/\/www.programozotegyorara.hu\/wp-content\/uploads\/2021\/03\/kovacs-andras.png\" alt=\"\" class=\"wp-image-27 alignnone size-medium peo-testimonial-pic\" \/><\/p>\n<h5 class=\"peo-testimonial-name\">Andr\u00e1s Kov\u00e1cs<\/h5>\n<h6 class=\"peo-testimonial-company\">dadapipes.com<\/h6>\n<\/div><\/div><\/div><\/div><\/div>\n\n<div class=\"et_pb_slide_5 et_pb_slide et_pb_media_alignment_center et_pb_bg_layout_dark et_pb_text_align_center\" data-slide-id=\"divi\/slide-5\"><div class=\"et_pb_container\"><div class=\"et_pb_slider_container_inner\"><div class=\"et_pb_slide_description\"><div class=\"et_pb_slide_content\"><p><sup class = 'fa fa-quote-left'><\/sup><\/p>\n<blockquote class = 'peo-testimonial-quote'>\n<p>\nWorking with D\u00e1vid was a real pleasure. He was always available, always ready with a solution, no matter the issue. He\u2019s customer-focused, solution-oriented, and brings a kind and humorous attitude to every interaction. A true professional\u2014and a joy to work with.<\/p>\n<\/blockquote>\n<p><img decoding=\"async\" src=\"https:\/\/www.programozotegyorara.hu\/wp-content\/uploads\/2021\/03\/barta-niki.png\" alt=\"\" class=\"wp-image-27 alignnone size-medium peo-testimonial-pic\" \/><\/p>\n<h5 class = 'peo-testimonial-name'>\nNikolett Barta<br \/>\n<\/h5>\n<h6 class = 'peo-testimonial-company'>\nProject Lead for Edisonplatform and Bridge Bizniscool<br \/>\n<\/h6>\n<\/div><\/div><\/div><\/div><\/div>\n\n<div class=\"et_pb_slide_6 et_pb_slide et_pb_media_alignment_center et_pb_bg_layout_dark et_pb_text_align_center\" data-slide-id=\"divi\/slide-6\"><div class=\"et_pb_container\"><div class=\"et_pb_slider_container_inner\"><div class=\"et_pb_slide_description\"><div class=\"et_pb_slide_content\"><p><sup class=\"fa fa-quote-left\"><\/sup><\/p>\n<blockquote class=\"peo-testimonial-quote\">\n<p>We reached out to D\u00e1vid with a very urgent, tight-deadline task\u2014and he delivered with lightning speed. There was no need to explain things twice; he immediately understood what we needed. His communication is completely transparent\u2014we always knew exactly where things stood. What mattered most to us was his availability, his attention to detail, and the way he answered every question with care. It was an absolute pleasure working with him\u2014IT professionals like him are rare!<\/p>\n<\/blockquote>\n<p><img decoding=\"async\" src=\"https:\/\/www.programozotegyorara.hu\/wp-content\/uploads\/2021\/03\/zana-vera.png\" alt=\"\" class=\"wp-image-27 alignnone size-medium peo-testimonial-pic\" \/><\/p>\n<h5 class=\"peo-testimonial-name\">Vera Zana<\/h5>\n<h6 class=\"peo-testimonial-company\">Bridge Budapest<\/h6>\n<\/div><\/div><\/div><\/div><\/div>\n<\/div><\/div>\n<\/div>\n<\/div>\n<div class=\"et_pb_bottom_inside_divider et-no-transition\"><\/div><\/div>","protected":false},"excerpt":{"rendered":"<p>Megb\u00edzhat\u00f3 WordPress programoz\u00f3: kommunik\u00e1l, nem cs\u00faszik el a hat\u00e1rid\u0151kkel \u00e9s nem magyar\u00e1zkodik. Azt csin\u00e1lja, amit meg\u00edg\u00e9r.<\/p>","protected":false},"author":1,"featured_media":0,"parent":0,"menu_order":0,"comment_status":"closed","ping_status":"closed","template":"","meta":{"inline_featured_image":false,"footnotes":""},"class_list":["post-6316","page","type-page","status-publish","hentry"],"yoast_head":"<!-- This site is optimized with the Yoast SEO plugin v27.5 - https:\/\/yoast.com\/product\/yoast-seo-wordpress\/ -->\n<title>Megb\u00edzhat\u00f3 WordPress programoz\u00f3<\/title>\n<meta name=\"description\" content=\"Megb\u00edzhat\u00f3 WordPress programoz\u00f3: kommunik\u00e1l, nem cs\u00faszik el a hat\u00e1rid\u0151kkel \u00e9s nem magyar\u00e1zkodik. Azt csin\u00e1lja, amit meg\u00edg\u00e9r.\" \/>\n<meta name=\"robots\" content=\"index, follow, max-snippet:-1, max-image-preview:large, max-video-preview:-1\" \/>\n<link rel=\"canonical\" href=\"https:\/\/www.programozotegyorara.hu\/en\/megbizhato-wordpress-programozo\/\" \/>\n<meta property=\"og:locale\" content=\"en_US\" \/>\n<meta property=\"og:type\" content=\"article\" \/>\n<meta property=\"og:title\" content=\"Sz\u00e9tesik? Nem megy? Elt\u0171nt?\" \/>\n<meta property=\"og:description\" content=\"Gyors seg\u00edts\u00e9g WordPress vagy webes probl\u00e9m\u00e1k \u00e9s elt\u0171nt programoz\u00f3 eset\u00e9n\" \/>\n<meta property=\"og:url\" content=\"https:\/\/www.programozotegyorara.hu\/en\/megbizhato-wordpress-programozo\/\" \/>\n<meta property=\"og:site_name\" content=\"Programoz\u00f3t egy \u00f3r\u00e1ra\" \/>\n<meta property=\"article:modified_time\" content=\"2026-03-15T07:48:29+00:00\" \/>\n<meta name=\"twitter:card\" content=\"summary_large_image\" \/>\n<meta name=\"twitter:title\" content=\"Sz\u00e9tesik? Nem megy? Elt\u0171nt?\" \/>\n<meta name=\"twitter:description\" content=\"Gyors seg\u00edts\u00e9g WordPress vagy webes probl\u00e9m\u00e1k \u00e9s elt\u0171nt programoz\u00f3 eset\u00e9n\" \/>\n<meta name=\"twitter:label1\" content=\"Est. reading time\" \/>\n\t<meta name=\"twitter:data1\" content=\"1 minute\" \/>\n<script type=\"application\/ld+json\" class=\"yoast-schema-graph\">{\"@context\":\"https:\\\/\\\/schema.org\",\"@graph\":[{\"@type\":[\"WebPage\",\"AboutPage\"],\"@id\":\"https:\\\/\\\/www.programozotegyorara.hu\\\/megbizhato-wordpress-programozo\\\/\",\"url\":\"https:\\\/\\\/www.programozotegyorara.hu\\\/megbizhato-wordpress-programozo\\\/\",\"name\":\"Megb\u00edzhat\u00f3 WordPress programoz\u00f3\",\"isPartOf\":{\"@id\":\"https:\\\/\\\/www.programozotegyorara.hu\\\/#website\"},\"datePublished\":\"2021-03-21T12:13:06+00:00\",\"dateModified\":\"2026-03-15T07:48:29+00:00\",\"description\":\"Megb\u00edzhat\u00f3 WordPress programoz\u00f3: kommunik\u00e1l, nem cs\u00faszik el a hat\u00e1rid\u0151kkel \u00e9s nem magyar\u00e1zkodik. Azt csin\u00e1lja, amit meg\u00edg\u00e9r.\",\"breadcrumb\":{\"@id\":\"https:\\\/\\\/www.programozotegyorara.hu\\\/megbizhato-wordpress-programozo\\\/#breadcrumb\"},\"inLanguage\":\"en-US\",\"potentialAction\":[{\"@type\":\"ReadAction\",\"target\":[\"https:\\\/\\\/www.programozotegyorara.hu\\\/megbizhato-wordpress-programozo\\\/\"]}]},{\"@type\":\"BreadcrumbList\",\"@id\":\"https:\\\/\\\/www.programozotegyorara.hu\\\/megbizhato-wordpress-programozo\\\/#breadcrumb\",\"itemListElement\":[{\"@type\":\"ListItem\",\"position\":1,\"name\":\"Home\",\"item\":\"https:\\\/\\\/www.programozotegyorara.hu\\\/\"},{\"@type\":\"ListItem\",\"position\":2,\"name\":\"R\u00f3lam\"}]},{\"@type\":\"WebSite\",\"@id\":\"https:\\\/\\\/www.programozotegyorara.hu\\\/#website\",\"url\":\"https:\\\/\\\/www.programozotegyorara.hu\\\/\",\"name\":\"Programoz\u00f3t egy \u00f3r\u00e1ra\",\"description\":\"Megb\u00edzhat\u00f3 Wordpress programoz\u00f3, aki nem t\u0171nik el \u00e9s j\u00f3l kommunik\u00e1l\",\"potentialAction\":[{\"@type\":\"SearchAction\",\"target\":{\"@type\":\"EntryPoint\",\"urlTemplate\":\"https:\\\/\\\/www.programozotegyorara.hu\\\/?s={search_term_string}\"},\"query-input\":{\"@type\":\"PropertyValueSpecification\",\"valueRequired\":true,\"valueName\":\"search_term_string\"}}],\"inLanguage\":\"en-US\"}]}<\/script>\n<!-- \/ Yoast SEO plugin. -->","yoast_head_json":{"title":"Megb\u00edzhat\u00f3 WordPress programoz\u00f3","description":"Megb\u00edzhat\u00f3 WordPress programoz\u00f3: kommunik\u00e1l, nem cs\u00faszik el a hat\u00e1rid\u0151kkel \u00e9s nem magyar\u00e1zkodik. Azt csin\u00e1lja, amit meg\u00edg\u00e9r.","robots":{"index":"index","follow":"follow","max-snippet":"max-snippet:-1","max-image-preview":"max-image-preview:large","max-video-preview":"max-video-preview:-1"},"canonical":"https:\/\/www.programozotegyorara.hu\/en\/megbizhato-wordpress-programozo\/","og_locale":"en_US","og_type":"article","og_title":"Sz\u00e9tesik? Nem megy? Elt\u0171nt?","og_description":"Gyors seg\u00edts\u00e9g WordPress vagy webes probl\u00e9m\u00e1k \u00e9s elt\u0171nt programoz\u00f3 eset\u00e9n","og_url":"https:\/\/www.programozotegyorara.hu\/en\/megbizhato-wordpress-programozo\/","og_site_name":"Programoz\u00f3t egy \u00f3r\u00e1ra","article_modified_time":"2026-03-15T07:48:29+00:00","twitter_card":"summary_large_image","twitter_title":"Sz\u00e9tesik? Nem megy? Elt\u0171nt?","twitter_description":"Gyors seg\u00edts\u00e9g WordPress vagy webes probl\u00e9m\u00e1k \u00e9s elt\u0171nt programoz\u00f3 eset\u00e9n","twitter_misc":{"Est. reading time":"1 minute"},"schema":{"@context":"https:\/\/schema.org","@graph":[{"@type":["WebPage","AboutPage"],"@id":"https:\/\/www.programozotegyorara.hu\/megbizhato-wordpress-programozo\/","url":"https:\/\/www.programozotegyorara.hu\/megbizhato-wordpress-programozo\/","name":"Megb\u00edzhat\u00f3 WordPress programoz\u00f3","isPartOf":{"@id":"https:\/\/www.programozotegyorara.hu\/#website"},"datePublished":"2021-03-21T12:13:06+00:00","dateModified":"2026-03-15T07:48:29+00:00","description":"Megb\u00edzhat\u00f3 WordPress programoz\u00f3: kommunik\u00e1l, nem cs\u00faszik el a hat\u00e1rid\u0151kkel \u00e9s nem magyar\u00e1zkodik. Azt csin\u00e1lja, amit meg\u00edg\u00e9r.","breadcrumb":{"@id":"https:\/\/www.programozotegyorara.hu\/megbizhato-wordpress-programozo\/#breadcrumb"},"inLanguage":"en-US","potentialAction":[{"@type":"ReadAction","target":["https:\/\/www.programozotegyorara.hu\/megbizhato-wordpress-programozo\/"]}]},{"@type":"BreadcrumbList","@id":"https:\/\/www.programozotegyorara.hu\/megbizhato-wordpress-programozo\/#breadcrumb","itemListElement":[{"@type":"ListItem","position":1,"name":"Home","item":"https:\/\/www.programozotegyorara.hu\/"},{"@type":"ListItem","position":2,"name":"R\u00f3lam"}]},{"@type":"WebSite","@id":"https:\/\/www.programozotegyorara.hu\/#website","url":"https:\/\/www.programozotegyorara.hu\/","name":"this service","description":"Megb\u00edzhat\u00f3 Wordpress programoz\u00f3, aki nem t\u0171nik el \u00e9s j\u00f3l kommunik\u00e1l","potentialAction":[{"@type":"SearchAction","target":{"@type":"EntryPoint","urlTemplate":"https:\/\/www.programozotegyorara.hu\/?s={search_term_string}"},"query-input":{"@type":"PropertyValueSpecification","valueRequired":true,"valueName":"search_term_string"}}],"inLanguage":"en-US"}]}},"_links":{"self":[{"href":"https:\/\/www.programozotegyorara.hu\/en\/wp-json\/wp\/v2\/pages\/6316","targetHints":{"allow":["GET"]}}],"collection":[{"href":"https:\/\/www.programozotegyorara.hu\/en\/wp-json\/wp\/v2\/pages"}],"about":[{"href":"https:\/\/www.programozotegyorara.hu\/en\/wp-json\/wp\/v2\/types\/page"}],"author":[{"embeddable":true,"href":"https:\/\/www.programozotegyorara.hu\/en\/wp-json\/wp\/v2\/users\/1"}],"replies":[{"embeddable":true,"href":"https:\/\/www.programozotegyorara.hu\/en\/wp-json\/wp\/v2\/comments?post=6316"}],"version-history":[{"count":30,"href":"https:\/\/www.programozotegyorara.hu\/en\/wp-json\/wp\/v2\/pages\/6316\/revisions"}],"predecessor-version":[{"id":58284,"href":"https:\/\/www.programozotegyorara.hu\/en\/wp-json\/wp\/v2\/pages\/6316\/revisions\/58284"}],"wp:attachment":[{"href":"https:\/\/www.programozotegyorara.hu\/en\/wp-json\/wp\/v2\/media?parent=6316"}],"curies":[{"name":"wp","href":"https:\/\/api.w.org\/{rel}","templated":true}]}}