{"id":58277,"date":"2026-03-15T06:28:31","date_gmt":"2026-03-15T06:28:31","guid":{"rendered":"https:\/\/www.programozotegyorara.hu\/?page_id=58277"},"modified":"2026-03-15T07:02:23","modified_gmt":"2026-03-15T07:02:23","slug":"ai-nyilatkozat","status":"publish","type":"page","link":"https:\/\/www.programozotegyorara.hu\/en\/ai-nyilatkozat\/","title":{"rendered":"AI Stance"},"content":{"rendered":"<div class=\"et_pb_section_0 et_pb_section et_pb_fullwidth_section et_section_regular et_block_section section_has_divider et_pb_bottom_divider\">\n<div class=\"et_pb_fullwidth_image_0 et_pb_fullwidth_image et_pb_module\"><img loading=\"lazy\" decoding=\"async\" src=\"https:\/\/www.programozotegyorara.hu\/wp-content\/uploads\/2024\/03\/sleeping-girl-strip.jpg\" width=\"1456\" height=\"431\" srcset=\"https:\/\/www.programozotegyorara.hu\/wp-content\/uploads\/2024\/03\/sleeping-girl-strip.jpg 1456w, https:\/\/www.programozotegyorara.hu\/wp-content\/uploads\/2024\/03\/sleeping-girl-strip-1280x379.jpg 1280w, https:\/\/www.programozotegyorara.hu\/wp-content\/uploads\/2024\/03\/sleeping-girl-strip-980x290.jpg 980w, https:\/\/www.programozotegyorara.hu\/wp-content\/uploads\/2024\/03\/sleeping-girl-strip-480x142.jpg 480w\" sizes=\"(min-width: 0px) and (max-width: 480px) 480px, (min-width: 481px) and (max-width: 980px) 980px, (min-width: 981px) and (max-width: 1280px) 1280px, (min-width: 1281px) 1456px, 100vw\" class=\"wp-image-57722\" title=\"sleeping-girl-strip\" \/><\/div>\n<div class=\"et_pb_bottom_inside_divider et-no-transition\"><\/div><\/div>\n\n<div class=\"et_pb_section_1 et_pb_section et_section_regular et_block_section\">\n<div class=\"et_pb_row_0 et_pb_row et_block_row\">\n<div class=\"et_pb_column_0 et_pb_column et_pb_column_4_4 et-last-child et_block_column et_pb_css_mix_blend_mode_passthrough\">\n<div class=\"et_pb_text_0 et_pb_text et_pb_bg_layout_light et_pb_module et_block_module\"><div class=\"et_pb_text_inner\"><h4>AI Nyilatkozat<\/h4>\n<\/div><\/div>\n<\/div>\n<\/div>\n\n<div class=\"et_pb_row_1 et_pb_row et_block_row\">\n<div class=\"et_pb_column_1 et_pb_column et_pb_column_3_5 et_block_column et_pb_css_mix_blend_mode_passthrough\">\n<div class=\"et_pb_text_1 et_pb_text et_pb_bg_layout_light et_pb_module et_block_module\"><div class=\"et_pb_text_inner\"><p class=\"font-claude-response-body break-words whitespace-normal leading-[1.7]\"><strong>AI a munk\u00e1mban<\/strong><\/p>\n<p class=\"font-claude-response-body break-words whitespace-normal leading-[1.7]\">Ny\u00edltan \u00e9s tudatosan haszn\u00e1lok AI eszk\u00f6z\u00f6ket a munk\u00e1m sor\u00e1n. Seg\u00edtenek gyorsabban \u00e9s jobban dolgozni, ami azt jelenti, hogy kevesebb \u00f3r\u00e1t sz\u00e1ml\u00e1zok ugyanaz\u00e9rt az eredm\u00e9ny\u00e9rt. Ugyanaz a min\u0151s\u00e9g, ugyanaz az alaposs\u00e1g, kisebb v\u00e9g\u00f6sszeg \u00e9s j\u00f3val gyorsabb \u00e1tfut\u00e1si id\u0151.<\/p>\n<p class=\"font-claude-response-body break-words whitespace-normal leading-[1.7]\"><strong>\u00c9n ir\u00e1ny\u00edtok, nem az AI<\/strong><\/p>\n<p class=\"font-claude-response-body break-words whitespace-normal leading-[1.7]\">A felel\u0151s \u00e9s etikus AI-haszn\u00e1latnak van egy szakmai alapelve: a human-in-the-loop, vagyis az, hogy minden g\u00e9pi d\u00f6nt\u00e9sn\u00e9l ott van egy ember, aki meg\u00e9rti, ellen\u0151rzi \u00e9s felel \u00e9rte.<\/p>\n<p class=\"font-claude-response-body break-words whitespace-normal leading-[1.7]\">Minden AI \u00e1ltal k\u00e9sz\u00edtett k\u00f3dot \u00e1tn\u00e9zek, meg\u00e9rtek \u00e9s felelek \u00e9rte. Ha valami rosszul m\u0171k\u00f6dik, nem mutogatok a g\u00e9pre. Az \u00e9n nevem van rajta, az \u00e9n dolgom, hogy j\u00f3 legyen. \u00c9ppen ez\u00e9rt minden d\u00f6nt\u00e9si pontn\u00e1l ott vagyok: \u00e1tl\u00e1tom, beavatkozom, \u00e9s sz\u00fcks\u00e9g eset\u00e9n fel\u00fclb\u00edr\u00e1lom azt, amit az AI javasol.<\/p>\n<p class=\"font-claude-response-body break-words whitespace-normal leading-[1.7]\"><strong>Ha te is haszn\u00e1lsz AI-t<\/strong><\/p>\n<p class=\"font-claude-response-body break-words whitespace-normal leading-[1.7]\">Manaps\u00e1g egyre t\u00f6bben k\u00e9sz\u00edtenek maguknak weboldalt, alkalmaz\u00e1st vagy bels\u0151 eszk\u00f6zt AI seg\u00edts\u00e9g\u00e9vel.<\/p>\n<p class=\"font-claude-response-body break-words whitespace-normal leading-[1.7]\">A kell\u0151 r\u00e1l\u00e1t\u00e1s \u00e9s biztons\u00e1gi kontrollok hi\u00e1ny\u00e1ban fejlesztett szoftverek egyre komolyabb kock\u00e1zatot jelentenek. 2025-ben p\u00e9ld\u00e1ul a Tea App fejleszt\u0151i AI seg\u00edts\u00e9g\u00e9vel \u00e9p\u00edtett\u00e9k fel az alkalmaz\u00e1sukat. Az AI-gener\u00e1lt k\u00f3d az adatb\u00e1zisukat teljesen nyitva hagyta. Nem kellett hackernek lenni ahhoz, hogy b\u00e1rki hozz\u00e1f\u00e9rhessen 72 000 felhaszn\u00e1l\u00f3i k\u00e9phez, k\u00f6zt\u00fck 13 000 szem\u00e9lyi igazolv\u00e1ny fot\u00f3hoz (Link a teljes t\u00f6rt\u00e9nethez: <a href=\"https:\/\/www.msn.com\/hu-hu\/hirek\/other\/a-szexu%C3%A1lis-ragadoz%C3%B3kt%C3%B3l-v%C3%A9dett-volna-ez-az-app-de-hatalmas-botr%C3%A1ny-lett-a-v%C3%A9ge\/ar-AA1JQs06\">itt<\/a>). Nem t\u00e1mad\u00e1s t\u00f6rt\u00e9nt. Egyszer\u0171en senki nem tudta, hogy be kell \u00e1ll\u00edtani a v\u00e9delmet, mert az AI nem sz\u00f3lt, \u00e9s aki haszn\u00e1lta, nem tudta, hogy k\u00e9rdezni k\u00e9ne.<\/p>\n<p class=\"font-claude-response-body break-words whitespace-normal leading-[1.7]\">Ha nem \u00e9rted, mit csin\u00e1l a k\u00f3d a h\u00e1tt\u00e9rben, a legnagyobb j\u00f3sz\u00e1nd\u00e9k mellett is k\u00f6nnyen beleker\u00fclhetsz egy komoly jogi helyzetbe.<\/p>\n<p class=\"font-claude-response-body break-words whitespace-normal leading-[1.7]\">Seg\u00edtek, ha szeretn\u00e9l biztos lenni abban, hogy az \u00e1ltalad k\u00e9sz\u00edtett szoftver felel\u0151ss\u00e9gteljesen kiadhat\u00f3 a kezedb\u0151l \u00e9s hossz\u00fa t\u00e1von is m\u0171k\u00f6dik.<\/p>\n<\/div><\/div>\n\n<div class=\"et_pb_module et_pb_button_module_wrapper et_pb_button_0_wrapper\"><a class=\"et_pb_button_0 et_pb_button et_pb_bg_layout_light et_pb_module et_block_module\" href=\"https:\/\/www.programozotegyorara.hu\/en\/kapcsolat\/\">Kapcsolatfelv\u00e9tel<\/a><\/div>\n<\/div>\n\n<div class=\"et_pb_column_2 et_pb_column et_pb_column_2_5 et-last-child et_block_column et_pb_css_mix_blend_mode_passthrough\">\n<div class=\"et_pb_image_0 et_pb_image et_pb_image_sticky et_pb_module et_block_module\"><span class=\"et_pb_image_wrap\"><img loading=\"lazy\" decoding=\"async\" src=\"https:\/\/www.programozotegyorara.hu\/wp-content\/uploads\/2021\/03\/adb-profile-new-e1564412741284.png\" width=\"120\" height=\"120\" srcset=\"https:\/\/www.programozotegyorara.hu\/wp-content\/uploads\/2021\/03\/adb-profile-new-e1564412741284.png 120w, https:\/\/www.programozotegyorara.hu\/wp-content\/uploads\/2021\/03\/adb-profile-new-e1564412741284-20x20.png 20w\" sizes=\"(max-width: 120px) 100vw, 120px\" class=\"wp-image-9\" title=\"adb-profile-new-e1564412741284\" \/><\/span><\/div>\n\n<div class=\"et_pb_text_2 et_pb_text et_pb_bg_layout_light et_pb_module et_block_module\"><div class=\"et_pb_text_inner\"><p style=\"text-align: center;\"><strong>Asztalos D\u00e1vid<br \/><\/strong>WordPress programoz\u00f3<\/p>\n<\/div><\/div>\n\n<div class=\"et_pb_module et_pb_button_module_wrapper et_pb_button_1_wrapper\"><a class=\"et_pb_button_1 et_pb_button et_pb_bg_layout_light et_pb_module et_block_module\" href=\"https:\/\/hu.linkedin.com\/in\/asztalosdavid\">\u00d6n\u00e9letrajz<\/a><\/div>\n\n<div class=\"et_pb_module et_pb_button_module_wrapper et_pb_button_2_wrapper\"><a class=\"et_pb_button_2 et_pb_button et_pb_bg_layout_light et_pb_module et_block_module\" href=\"tel:0036302228260\">06 30 222 8260<\/a><\/div>\n\n<div class=\"et_pb_module et_pb_button_module_wrapper et_pb_button_3_wrapper\"><a class=\"et_pb_button_3 et_pb_button et_pb_bg_layout_light et_pb_module et_block_module\" href=\"mailto:david@programozotegyorara.hu\">E-mail<\/a><\/div>\n<\/div>\n<\/div>\n<\/div>\n\n<div class=\"et_pb_section_2 et_pb_section et_section_regular et_block_section et_pb_section_parallax section_has_divider et_pb_top_divider et_pb_bottom_divider\"><div class=\"et_pb_top_inside_divider et-no-transition\"><\/div><span class=\"et-pb-parallax-wrapper\"><span class=\"et-pb-parallax-background et-pb-parallax-background--css et-pb-parallax-background-module--divi-section-2\" style=\"background-image:url(https:\/\/www.programozotegyorara.hu\/wp-content\/uploads\/2023\/12\/work-1.png)\"><\/span><span class=\"et_parallax_gradient et_pb_parallax_css\" style=\"background-image:linear-gradient(180deg, var(--gcid-88a10511-6079-4477-a68b-65338ece8ea9) 0%,var(--gcid-d946c830-4739-4beb-9749-5eebc85c74b4) 100% 100%)\"><\/span><\/span>\n<div class=\"et_pb_row_2 et_pb_row et_block_row\">\n<div class=\"et_pb_column_3 et_pb_column et_pb_column_4_4 et-last-child et_block_column et_pb_css_mix_blend_mode_passthrough\">\n<div class=\"et_pb_text_3 et_pb_text et_pb_bg_layout_light et_pb_module et_block_module\"><div class=\"et_pb_text_inner\"><h4>V\u00e9lem\u00e9nyek<\/h4>\n<\/div><\/div>\n<\/div>\n<\/div>\n\n<div class=\"et_pb_row_3 et_pb_row et_block_row\">\n<div class=\"et_pb_column_4 et_pb_column et_pb_column_4_4 et-last-child et_block_column et_pb_css_mix_blend_mode_passthrough\">\n<div class=\"et_pb_slider_0 et_pb_slider et_pb_slider_fullwidth_off et_pb_module et_block_module\"><div class=\"et_pb_slides\">\n<div class=\"et_pb_slide_0 et_pb_slide et_pb_media_alignment_center et_pb_bg_layout_dark et_pb_text_align_center\" data-slide-id=\"divi\/slide-0\"><div class=\"et_pb_container\"><div class=\"et_pb_slider_container_inner\"><div class=\"et_pb_slide_description\"><div class=\"et_pb_slide_content\"><p><sup class=\"fa fa-quote-left\"><\/sup><\/p>\n<blockquote class=\"peo-testimonial-quote\" style = \"font-size: 1.2em !important\"><p>Nek\u00fcnk, a WPViking Agency-n\u00e9l, el\u00e9g j\u00f3 r\u00e1l\u00e1t\u00e1sunk van arra, hogy milyen a programoz\u00f3kkal val\u00f3 k\u00f6z\u00f6s munka, hiszen napi szinten dolgozunk fejleszt\u0151kkel. Egyik \u00fcgyfel\u00fcnk megk\u00e9rt minket, hogy WordPress alapon k\u00e9sz\u00edts\u00fcnk neki egy \u00faj kalkul\u00e1tort, mert a megl\u00e9v\u0151t nem igaz\u00e1n tudta szerkeszteni. Elk\u00e9rt\u00fck t\u0151le az \u00f6sszes h\u00e1tt\u00e9ranyagot, hogy l\u00e1ssuk, mi alapj\u00e1n sz\u00e1mol. Amikor \u00e1tn\u00e9zt\u00fck a dokument\u00e1ci\u00f3t \u00e9s a technikai megval\u00f3s\u00edt\u00e1st, sz\u00f3 szerint led\u00f6bbent\u00fcnk. Olyan prec\u00edz, \u00e1tgondolt \u00e9s profi fejleszt\u00e9st kaptunk k\u00e9zhez, amivel ritk\u00e1n tal\u00e1lkozik az ember. Egy\u00e9rtelm\u0171 volt sz\u00e1munkra: ezt nem lecser\u00e9lni kell, hanem kincsk\u00e9nt meg\u0151rizni. Nek\u00fcnk v\u00e9g\u00fcl csak a diz\u00e1jnt kellett finom\u00edtani, mert a h\u00e1tt\u00e9rmunka hib\u00e1tlan volt. (folyt.)<\/p><\/blockquote>\n<p><img decoding=\"async\" src=\"https:\/\/www.programozotegyorara.hu\/wp-content\/uploads\/2025\/04\/nagy-bence.png\" alt=\"\" class=\"wp-image-27 alignnone size-medium peo-testimonial-pic\" \/><\/p>\n<h5 class=\"peo-testimonial-name\">Nagy Bence<\/h5>\n<h6 class=\"peo-testimonial-company\">WPViking Agency<\/h6>\n<\/div><\/div><\/div><\/div><\/div>\n\n<div class=\"et_pb_slide_1 et_pb_slide et_pb_media_alignment_center et_pb_bg_layout_dark et_pb_text_align_center\" data-slide-id=\"divi\/slide-1\"><div class=\"et_pb_container\"><div class=\"et_pb_slider_container_inner\"><div class=\"et_pb_slide_description\"><div class=\"et_pb_slide_content\"><p><sup class=\"fa fa-quote-left\"><\/sup><\/p>\n<blockquote class=\"peo-testimonial-quote\">\n<p>Annyira leny\u0171g\u00f6z\u00f6tt a munk\u00e1ja, hogy elk\u00e9rtem D\u00e1vid el\u00e9rhet\u0151s\u00e9g\u00e9t \u2013 \u00e9s nagyon j\u00f3l tettem! Az\u00f3ta t\u00f6bb k\u00f6z\u00f6s projekt\u00fcnk is volt, \u00e9s minden alkalommal csak meger\u0151s\u00f6d\u00f6tt benn\u00fcnk: D\u00e1vid hozz\u00e1\u00e1ll\u00e1sa kimagasl\u00f3. Amit k\u00fcl\u00f6n kiemeln\u00e9k, az az \u00e1raz\u00e1si rendszere: mindig minimum, \u00e1tlag \u00e9s maximum aj\u00e1nlatot ad, ami \u00f3ri\u00e1si tervezhet\u0151s\u00e9get biztos\u00edt minden projekt eset\u00e9ben. De ami tal\u00e1n m\u00e9g enn\u00e9l is fontosabb: D\u00e1vid t\u00e9nyleg j\u00f3t akar. Nem csak teljes\u00edti, amit k\u00e9rsz t\u0151le \u2013 ha valami szakmailag nem j\u00f3 \u00f6tlet, akkor \u00e9rthet\u0151en, \u00e9rvekkel al\u00e1t\u00e1masztva elmondja, mi\u00e9rt lenne \u00e9rdemes m\u00e1sk\u00e9pp csin\u00e1lni. R\u00f6viden: csak aj\u00e1nlani tudom D\u00e1vidot \u2013 de \u00f3vatosan, mert \u00e9n is szeretn\u00e9k m\u00e9g vele sok\u00e1ig egy\u00fctt dolgozni! \ud83d\ude42<\/p>\n<\/blockquote>\n<p><img decoding=\"async\" src=\"https:\/\/www.programozotegyorara.hu\/wp-content\/uploads\/2025\/04\/nagy-bence.png\" alt=\"\" class=\"wp-image-27 alignnone size-medium peo-testimonial-pic\" \/><\/p>\n<h5 class=\"peo-testimonial-name\">Nagy Bence<\/h5>\n<h6 class=\"peo-testimonial-company\">WPViking Agency<\/h6>\n<\/div><\/div><\/div><\/div><\/div>\n\n<div class=\"et_pb_slide_2 et_pb_slide et_pb_media_alignment_center et_pb_bg_layout_dark et_pb_text_align_center\" data-slide-id=\"divi\/slide-2\"><div class=\"et_pb_container\"><div class=\"et_pb_slider_container_inner\"><div class=\"et_pb_slide_description\"><div class=\"et_pb_slide_content\"><p><sup class=\"fa fa-quote-left\"><\/sup><\/p>\n<blockquote class=\"peo-testimonial-quote\">\n<p>D\u00e1viddal egy \u00fatt\u00f6r\u0151 fejleszt\u00e9sbe fogtunk. Megalkottuk az els\u0151 magyar ChatGPT AI h\u00e1tt\u00e9rrel fut\u00f3 b\u0151r\u00e1llapot elemz\u0151 alkalmaz\u00e1st a Chill & Young Beauty m\u00e1rka sz\u00e1m\u00e1ra. B\u00e1r a projekt pilot jellege miatt sokszor kellett iter\u00e1lnunk, \u00e9s emiatt a hat\u00e1rid\u0151ket m\u00f3dos\u00edtani m\u00e9gsem okozott ez rossz sz\u00e1j\u00edzt, mert az egy\u00fcttm\u0171k\u00f6d\u00e9s mindv\u00e9gig konstrukt\u00edv mederben folyt, a v\u00e1laszid\u0151k minim\u00e1lisak voltak \u00e9s a D\u00e1vid tapasztalata \u00e9s tan\u00e1csad\u00f3i v\u00e9n\u00e1ja sokban gazdag\u00edtott az eredeti koncepci\u00f3n.<\/p>\n<\/blockquote>\n<p><img decoding=\"async\" src=\"https:\/\/www.programozotegyorara.hu\/wp-content\/uploads\/2025\/04\/profilkep.png\" alt=\"\" class=\"wp-image-27 alignnone size-medium peo-testimonial-pic\" \/><\/p>\n<h5 class=\"peo-testimonial-name\">Czibere Csilla<\/h5>\n<h6 class=\"peo-testimonial-company\">Chill & Young Beauty<\/h6>\n<\/div><\/div><\/div><\/div><\/div>\n\n<div class=\"et_pb_slide_3 et_pb_slide et_pb_media_alignment_center et_pb_bg_layout_dark et_pb_text_align_center\" data-slide-id=\"divi\/slide-3\"><div class=\"et_pb_container\"><div class=\"et_pb_slider_container_inner\"><div class=\"et_pb_slide_description\"><div class=\"et_pb_slide_content\"><p><sup class=\"fa fa-quote-left\"><\/sup><\/p>\n<blockquote class=\"peo-testimonial-quote\">\n<p>Nagyon boldog vagyok, mert pontosan ilyen weboldalt szerettem volna m\u00e1r \u00e9vek \u00f3ta, ahol szabadon kreat\u00edvan szerkeszthetek egy zseni\u00e1lis sablonnal, \u00e9s a h\u00e1tt\u00e9rben korszer\u0171 a t\u00e1rhely, \u00e9s egy megb\u00edzhat\u00f3 programoz\u00f3csapat szolg\u00e1lja a biztons\u00e1got! Azt, hogy ez k\u00e9t h\u00e9t alatt l\u00e9trej\u00f6n, \u00e1lmomban sem gondoltam volna.<\/p>\n<\/blockquote>\n<p><img decoding=\"async\" src=\"https:\/\/www.programozotegyorara.hu\/wp-content\/uploads\/2022\/05\/molnar_reka.jpg\" alt=\"\" class=\"wp-image-27 alignnone size-medium peo-testimonial-pic\" \/><\/p>\n<h5 class=\"peo-testimonial-name\">Moln\u00e1r R\u00e9ka<\/h5>\n<h6 class=\"peo-testimonial-company\">eradekor.hu<\/h6>\n<\/div><\/div><\/div><\/div><\/div>\n\n<div class=\"et_pb_slide_4 et_pb_slide et_pb_media_alignment_center et_pb_bg_layout_dark et_pb_text_align_center\" data-slide-id=\"divi\/slide-4\"><div class=\"et_pb_container\"><div class=\"et_pb_slider_container_inner\"><div class=\"et_pb_slide_description\"><div class=\"et_pb_slide_content\"><p><sup class=\"fa fa-quote-left\"><\/sup><\/p>\n<blockquote class=\"peo-testimonial-quote\">\n<p>Ez igen! Gyors \u00e9s szakszer\u0171 seg\u00edts\u00e9get kaptunk D\u00e1vidt\u00f3l, amely sor\u00e1n nem csak a felmer\u00fcl\u0151 hiba elh\u00e1r\u00edt\u00e1sa t\u00f6rt\u00e9nt meg, hanem D\u00e1vid egy alapos, logikusan \u00e1tgondolt fejleszt\u00e9si munkafolyamatot \u00e1ll\u00edtott \u00f6ssze sz\u00e1munkra. Ezzel v\u00e9gre tov\u00e1bb tudtunk l\u00e9pni mi is a megrekedt fejleszt\u00e9si \u00faton.<\/p>\n<\/blockquote>\n<p><img decoding=\"async\" src=\"https:\/\/www.programozotegyorara.hu\/wp-content\/uploads\/2021\/03\/kovacs-andras.png\" alt=\"\" class=\"wp-image-27 alignnone size-medium peo-testimonial-pic\" \/><\/p>\n<h5 class=\"peo-testimonial-name\">Kov\u00e1cs Andr\u00e1s<\/h5>\n<h6 class=\"peo-testimonial-company\">dadapipes.com<\/h6>\n<\/div><\/div><\/div><\/div><\/div>\n\n<div class=\"et_pb_slide_5 et_pb_slide et_pb_media_alignment_center et_pb_bg_layout_dark et_pb_text_align_center\" data-slide-id=\"divi\/slide-5\"><div class=\"et_pb_container\"><div class=\"et_pb_slider_container_inner\"><div class=\"et_pb_slide_description\"><div class=\"et_pb_slide_content\"><p><sup class = 'fa fa-quote-left'><\/sup><\/p>\n<blockquote class = 'peo-testimonial-quote'>\n<p>\nNagyon szerettem a D\u00e1viddal val\u00f3 k\u00f6z\u00f6s munk\u00e1ban, hogy mindig a rendelkez\u00e9semre \u00e1llt \u00e9s minden felmer\u00fcl\u0151 probl\u00e9m\u00e1ra tudott megold\u00e1si javaslatot hozni. \u00dcgyf\u00e9lk\u00f6zpont\u00fa \u00e9s megold\u00e1sf\u00f3kusz\u00fa hozz\u00e1\u00e1ll\u00e1sa mellett pedig kedves \u00e9s humoros, egy olyan szakember, akivel j\u00f3 egy\u00fctt dolgozni.<\/p>\n<\/blockquote>\n<p><img decoding=\"async\" src=\"https:\/\/www.programozotegyorara.hu\/wp-content\/uploads\/2021\/03\/barta-niki.png\" alt=\"\" class=\"wp-image-27 alignnone size-medium peo-testimonial-pic\" \/><\/p>\n<h5 class = 'peo-testimonial-name'>\nBarta Nikolett<br \/>\n<\/h5>\n<h6 class = 'peo-testimonial-company'>\nEdisonplatform \u00e9s Bridge Bizniscool projektek vezet\u0151je<br \/>\n<\/h6>\n<\/div><\/div><\/div><\/div><\/div>\n\n<div class=\"et_pb_slide_6 et_pb_slide et_pb_media_alignment_center et_pb_bg_layout_dark et_pb_text_align_center\" data-slide-id=\"divi\/slide-6\"><div class=\"et_pb_container\"><div class=\"et_pb_slider_container_inner\"><div class=\"et_pb_slide_description\"><div class=\"et_pb_slide_content\"><p><sup class=\"fa fa-quote-left\"><\/sup><\/p>\n<blockquote class=\"peo-testimonial-quote\">\n<p>D\u00e1vidot egy nagyon s\u00fcrg\u0151s, r\u00f6vid hat\u00e1ridej\u0171 munk\u00e1val kerest\u00fck meg, amit vill\u00e1mgyorsan megcsin\u00e1lt. Nem kellett t\u00f6bbsz\u00f6r elmagyar\u00e1zni a feladatot, azonnal meg\u00e9rtette, hogy mire van sz\u00fcks\u00e9g\u00fcnk. Nagyon transzparensen kommunik\u00e1l, mindig tudjuk \u00e9pp hol tart a munk\u00e1ban. Nek\u00fcnk nagyon fontos volt, hogy mindig el\u00e9rhet\u0151 volt, minden k\u00e9rd\u00e9s\u00fcnket megv\u00e1laszolta \u00e9s minden apr\u00f3s\u00e1gra figyelt. Nagyon j\u00f3 volt a k\u00f6z\u00f6s munka, ritka az ilyen informatikus szakember!<\/p>\n<\/blockquote>\n<p><img decoding=\"async\" src=\"https:\/\/www.programozotegyorara.hu\/wp-content\/uploads\/2021\/03\/zana-vera.png\" alt=\"\" class=\"wp-image-27 alignnone size-medium peo-testimonial-pic\" \/><\/p>\n<h5 class=\"peo-testimonial-name\">Zana Vera<\/h5>\n<h6 class=\"peo-testimonial-company\">Bridge Budapest<\/h6>\n<\/div><\/div><\/div><\/div><\/div>\n<\/div><\/div>\n<\/div>\n<\/div>\n<div class=\"et_pb_bottom_inside_divider et-no-transition\"><\/div><\/div>","protected":false},"excerpt":{"rendered":"<p>Megb\u00edzhat\u00f3 WordPress programoz\u00f3: kommunik\u00e1l, nem cs\u00faszik el a hat\u00e1rid\u0151kkel \u00e9s nem magyar\u00e1zkodik. Azt csin\u00e1lja, amit meg\u00edg\u00e9r.<\/p>","protected":false},"author":1,"featured_media":0,"parent":0,"menu_order":0,"comment_status":"closed","ping_status":"closed","template":"","meta":{"inline_featured_image":false,"footnotes":""},"class_list":["post-58277","page","type-page","status-publish","hentry"],"yoast_head":"<!-- This site is optimized with the Yoast SEO plugin v27.4 - https:\/\/yoast.com\/product\/yoast-seo-wordpress\/ -->\n<title>Megb\u00edzhat\u00f3 WordPress programoz\u00f3<\/title>\n<meta name=\"description\" content=\"Megb\u00edzhat\u00f3 WordPress programoz\u00f3: kommunik\u00e1l, nem cs\u00faszik el a hat\u00e1rid\u0151kkel \u00e9s nem magyar\u00e1zkodik. Azt csin\u00e1lja, amit meg\u00edg\u00e9r.\" \/>\n<meta name=\"robots\" content=\"index, follow, max-snippet:-1, max-image-preview:large, max-video-preview:-1\" \/>\n<link rel=\"canonical\" href=\"https:\/\/www.programozotegyorara.hu\/en\/ai-nyilatkozat\/\" \/>\n<meta property=\"og:locale\" content=\"en_US\" \/>\n<meta property=\"og:type\" content=\"article\" \/>\n<meta property=\"og:title\" content=\"Sz\u00e9tesik? Nem megy? Elt\u0171nt?\" \/>\n<meta property=\"og:description\" content=\"Gyors seg\u00edts\u00e9g WordPress vagy webes probl\u00e9m\u00e1k \u00e9s elt\u0171nt programoz\u00f3 eset\u00e9n\" \/>\n<meta property=\"og:url\" content=\"https:\/\/www.programozotegyorara.hu\/en\/ai-nyilatkozat\/\" \/>\n<meta property=\"og:site_name\" content=\"Programoz\u00f3t egy \u00f3r\u00e1ra\" \/>\n<meta property=\"article:modified_time\" content=\"2026-03-15T07:02:23+00:00\" \/>\n<meta name=\"twitter:card\" content=\"summary_large_image\" \/>\n<meta name=\"twitter:title\" content=\"Sz\u00e9tesik? Nem megy? Elt\u0171nt?\" \/>\n<meta name=\"twitter:description\" content=\"Gyors seg\u00edts\u00e9g WordPress vagy webes probl\u00e9m\u00e1k \u00e9s elt\u0171nt programoz\u00f3 eset\u00e9n\" \/>\n<meta name=\"twitter:label1\" content=\"Est. reading time\" \/>\n\t<meta name=\"twitter:data1\" content=\"1 minute\" \/>\n<script type=\"application\/ld+json\" class=\"yoast-schema-graph\">{\"@context\":\"https:\\\/\\\/schema.org\",\"@graph\":[{\"@type\":[\"WebPage\",\"AboutPage\"],\"@id\":\"https:\\\/\\\/www.programozotegyorara.hu\\\/ai-nyilatkozat\\\/\",\"url\":\"https:\\\/\\\/www.programozotegyorara.hu\\\/ai-nyilatkozat\\\/\",\"name\":\"Megb\u00edzhat\u00f3 WordPress programoz\u00f3\",\"isPartOf\":{\"@id\":\"https:\\\/\\\/www.programozotegyorara.hu\\\/#website\"},\"datePublished\":\"2026-03-15T06:28:31+00:00\",\"dateModified\":\"2026-03-15T07:02:23+00:00\",\"description\":\"Megb\u00edzhat\u00f3 WordPress programoz\u00f3: kommunik\u00e1l, nem cs\u00faszik el a hat\u00e1rid\u0151kkel \u00e9s nem magyar\u00e1zkodik. Azt csin\u00e1lja, amit meg\u00edg\u00e9r.\",\"breadcrumb\":{\"@id\":\"https:\\\/\\\/www.programozotegyorara.hu\\\/ai-nyilatkozat\\\/#breadcrumb\"},\"inLanguage\":\"en-US\",\"potentialAction\":[{\"@type\":\"ReadAction\",\"target\":[\"https:\\\/\\\/www.programozotegyorara.hu\\\/ai-nyilatkozat\\\/\"]}]},{\"@type\":\"BreadcrumbList\",\"@id\":\"https:\\\/\\\/www.programozotegyorara.hu\\\/ai-nyilatkozat\\\/#breadcrumb\",\"itemListElement\":[{\"@type\":\"ListItem\",\"position\":1,\"name\":\"Home\",\"item\":\"https:\\\/\\\/www.programozotegyorara.hu\\\/\"},{\"@type\":\"ListItem\",\"position\":2,\"name\":\"AI nyilatkozat\"}]},{\"@type\":\"WebSite\",\"@id\":\"https:\\\/\\\/www.programozotegyorara.hu\\\/#website\",\"url\":\"https:\\\/\\\/www.programozotegyorara.hu\\\/\",\"name\":\"Programoz\u00f3t egy \u00f3r\u00e1ra\",\"description\":\"Megb\u00edzhat\u00f3 Wordpress programoz\u00f3, aki nem t\u0171nik el \u00e9s j\u00f3l kommunik\u00e1l\",\"potentialAction\":[{\"@type\":\"SearchAction\",\"target\":{\"@type\":\"EntryPoint\",\"urlTemplate\":\"https:\\\/\\\/www.programozotegyorara.hu\\\/?s={search_term_string}\"},\"query-input\":{\"@type\":\"PropertyValueSpecification\",\"valueRequired\":true,\"valueName\":\"search_term_string\"}}],\"inLanguage\":\"en-US\"}]}<\/script>\n<!-- \/ Yoast SEO plugin. -->","yoast_head_json":{"title":"Megb\u00edzhat\u00f3 WordPress programoz\u00f3","description":"Megb\u00edzhat\u00f3 WordPress programoz\u00f3: kommunik\u00e1l, nem cs\u00faszik el a hat\u00e1rid\u0151kkel \u00e9s nem magyar\u00e1zkodik. Azt csin\u00e1lja, amit meg\u00edg\u00e9r.","robots":{"index":"index","follow":"follow","max-snippet":"max-snippet:-1","max-image-preview":"max-image-preview:large","max-video-preview":"max-video-preview:-1"},"canonical":"https:\/\/www.programozotegyorara.hu\/en\/ai-nyilatkozat\/","og_locale":"en_US","og_type":"article","og_title":"Sz\u00e9tesik? Nem megy? Elt\u0171nt?","og_description":"Gyors seg\u00edts\u00e9g WordPress vagy webes probl\u00e9m\u00e1k \u00e9s elt\u0171nt programoz\u00f3 eset\u00e9n","og_url":"https:\/\/www.programozotegyorara.hu\/en\/ai-nyilatkozat\/","og_site_name":"Programoz\u00f3t egy \u00f3r\u00e1ra","article_modified_time":"2026-03-15T07:02:23+00:00","twitter_card":"summary_large_image","twitter_title":"Sz\u00e9tesik? Nem megy? Elt\u0171nt?","twitter_description":"Gyors seg\u00edts\u00e9g WordPress vagy webes probl\u00e9m\u00e1k \u00e9s elt\u0171nt programoz\u00f3 eset\u00e9n","twitter_misc":{"Est. reading time":"1 minute"},"schema":{"@context":"https:\/\/schema.org","@graph":[{"@type":["WebPage","AboutPage"],"@id":"https:\/\/www.programozotegyorara.hu\/ai-nyilatkozat\/","url":"https:\/\/www.programozotegyorara.hu\/ai-nyilatkozat\/","name":"Megb\u00edzhat\u00f3 WordPress programoz\u00f3","isPartOf":{"@id":"https:\/\/www.programozotegyorara.hu\/#website"},"datePublished":"2026-03-15T06:28:31+00:00","dateModified":"2026-03-15T07:02:23+00:00","description":"Megb\u00edzhat\u00f3 WordPress programoz\u00f3: kommunik\u00e1l, nem cs\u00faszik el a hat\u00e1rid\u0151kkel \u00e9s nem magyar\u00e1zkodik. Azt csin\u00e1lja, amit meg\u00edg\u00e9r.","breadcrumb":{"@id":"https:\/\/www.programozotegyorara.hu\/ai-nyilatkozat\/#breadcrumb"},"inLanguage":"en-US","potentialAction":[{"@type":"ReadAction","target":["https:\/\/www.programozotegyorara.hu\/ai-nyilatkozat\/"]}]},{"@type":"BreadcrumbList","@id":"https:\/\/www.programozotegyorara.hu\/ai-nyilatkozat\/#breadcrumb","itemListElement":[{"@type":"ListItem","position":1,"name":"Home","item":"https:\/\/www.programozotegyorara.hu\/"},{"@type":"ListItem","position":2,"name":"AI nyilatkozat"}]},{"@type":"WebSite","@id":"https:\/\/www.programozotegyorara.hu\/#website","url":"https:\/\/www.programozotegyorara.hu\/","name":"this service","description":"Megb\u00edzhat\u00f3 Wordpress programoz\u00f3, aki nem t\u0171nik el \u00e9s j\u00f3l kommunik\u00e1l","potentialAction":[{"@type":"SearchAction","target":{"@type":"EntryPoint","urlTemplate":"https:\/\/www.programozotegyorara.hu\/?s={search_term_string}"},"query-input":{"@type":"PropertyValueSpecification","valueRequired":true,"valueName":"search_term_string"}}],"inLanguage":"en-US"}]}},"_links":{"self":[{"href":"https:\/\/www.programozotegyorara.hu\/en\/wp-json\/wp\/v2\/pages\/58277","targetHints":{"allow":["GET"]}}],"collection":[{"href":"https:\/\/www.programozotegyorara.hu\/en\/wp-json\/wp\/v2\/pages"}],"about":[{"href":"https:\/\/www.programozotegyorara.hu\/en\/wp-json\/wp\/v2\/types\/page"}],"author":[{"embeddable":true,"href":"https:\/\/www.programozotegyorara.hu\/en\/wp-json\/wp\/v2\/users\/1"}],"replies":[{"embeddable":true,"href":"https:\/\/www.programozotegyorara.hu\/en\/wp-json\/wp\/v2\/comments?post=58277"}],"version-history":[{"count":3,"href":"https:\/\/www.programozotegyorara.hu\/en\/wp-json\/wp\/v2\/pages\/58277\/revisions"}],"predecessor-version":[{"id":58281,"href":"https:\/\/www.programozotegyorara.hu\/en\/wp-json\/wp\/v2\/pages\/58277\/revisions\/58281"}],"wp:attachment":[{"href":"https:\/\/www.programozotegyorara.hu\/en\/wp-json\/wp\/v2\/media?parent=58277"}],"curies":[{"name":"wp","href":"https:\/\/api.w.org\/{rel}","templated":true}]}}