{"id":57779,"date":"2024-03-29T19:56:03","date_gmt":"2024-03-29T19:56:03","guid":{"rendered":"https:\/\/www.programozotegyorara.hu\/?page_id=57779"},"modified":"2026-03-01T19:40:46","modified_gmt":"2026-03-01T19:40:46","slug":"kapcsolat","status":"publish","type":"page","link":"https:\/\/www.programozotegyorara.hu\/en\/kapcsolat\/","title":{"rendered":"Contact"},"content":{"rendered":"<div class=\"et_pb_section_0 et_pb_section et_pb_fullwidth_section et_section_regular et_block_section section_has_divider et_pb_bottom_divider\">\n<div class=\"et_pb_fullwidth_image_0 et_pb_fullwidth_image et_pb_module\"><img loading=\"lazy\" decoding=\"async\" src=\"https:\/\/www.programozotegyorara.hu\/wp-content\/uploads\/2024\/03\/sleeping-girl-strip.jpg\" width=\"1456\" height=\"431\" srcset=\"https:\/\/www.programozotegyorara.hu\/wp-content\/uploads\/2024\/03\/sleeping-girl-strip.jpg 1456w, https:\/\/www.programozotegyorara.hu\/wp-content\/uploads\/2024\/03\/sleeping-girl-strip-1280x379.jpg 1280w, https:\/\/www.programozotegyorara.hu\/wp-content\/uploads\/2024\/03\/sleeping-girl-strip-980x290.jpg 980w, https:\/\/www.programozotegyorara.hu\/wp-content\/uploads\/2024\/03\/sleeping-girl-strip-480x142.jpg 480w\" sizes=\"(min-width: 0px) and (max-width: 480px) 480px, (min-width: 481px) and (max-width: 980px) 980px, (min-width: 981px) and (max-width: 1280px) 1280px, (min-width: 1281px) 1456px, 100vw\" class=\"wp-image-57722\" title=\"sleeping-girl-strip\" \/><\/div>\n<div class=\"et_pb_bottom_inside_divider et-no-transition\"><\/div><\/div>\n\n<div class=\"et_pb_section_1 et_pb_section et_section_regular et_block_section section_has_divider et_pb_bottom_divider\" id=\"contact\"><div class=\"et_pb_row_0 et_pb_row et_block_row\"><div class=\"et_pb_column_0 et_pb_column et_pb_column_4_4 et-last-child et_block_column et_pb_css_mix_blend_mode_passthrough\"><div class=\"et_pb_text_0 et_pb_text et_pb_bg_layout_light et_pb_module et_block_module\"><div class=\"et_pb_text_inner\"><h4>Hire Me Now<\/h4>\n<\/div><\/div><\/div><\/div><div class=\"et_pb_row_1 et_pb_row et_block_row\"><div class=\"et_pb_column_1 et_pb_column et_pb_column_3_5 et_block_column et_pb_css_mix_blend_mode_passthrough\"><div class=\"et_pb_contact_form_0 et_pb_contact_form_container clearfix et_pb_recaptcha_enabled et_pb_module et_flex_module\" data-form_unique_num=\"0\" data-form_unique_id=\"5532a552-1f49-4360-a85b-e7e7474a6699\" data-redirect_url=\"\/koszonom\" id=\"et_pb_contact_form_5532a552-1f49-4360-a85b-e7e7474a6699\"><div class=\"et-pb-contact-message\"><\/div><div class=\"et_pb_contact\"><form class=\"et_pb_contact_form et_flex_module\" method=\"post\" action=\"https:\/\/www.programozotegyorara.hu\/en\/wp-json\/wp\/v2\/pages\/57779\" data-trp-original-action=\"https:\/\/www.programozotegyorara.hu\/en\/wp-json\/wp\/v2\/pages\/57779\"><div class=\"et_pb_contact_field_0 et_pb_contact_field et_pb_module et_flex_module et_flex_column_12_24 et_flex_column_12_24_tablet et_flex_column_12_24_phone\" data-id=\"name\" data-type=\"input\"><label class=\"et_pb_contact_form_label\" for=\"et_pb_contact_0_name_0\">Name<\/label><input type=\"text\" name=\"et_pb_contact_0_name_0\" id=\"et_pb_contact_0_name_0\" class=\"input\" data-required_mark=\"required\" data-field_type=\"input\" data-original_id=\"name\" placeholder=\"Name\" title=\"\" value=\"\" \/><\/div><div class=\"et_pb_contact_field_1 et_pb_contact_field et_pb_module et_flex_module et_flex_column_12_24 et_flex_column_12_24_tablet et_flex_column_12_24_phone\" data-id=\"email\" data-type=\"email\"><label class=\"et_pb_contact_form_label\" for=\"et_pb_contact_0_email_1\">Email<\/label><input type=\"text\" name=\"et_pb_contact_0_email_1\" id=\"et_pb_contact_0_email_1\" class=\"input\" data-required_mark=\"required\" data-field_type=\"email\" data-original_id=\"email\" placeholder=\"Email\" title=\"\" value=\"\" \/><\/div><div class=\"et_pb_contact_field_2 et_pb_contact_field et_pb_module et_flex_module et_flex_column_24_24 et_flex_column_24_24_tablet et_flex_column_24_24_phone\" data-id=\"phone\" data-type=\"input\"><label class=\"et_pb_contact_form_label\" for=\"et_pb_contact_0_phone_2\">Phone (Optional)<\/label><input type=\"text\" name=\"et_pb_contact_0_phone_2\" id=\"et_pb_contact_0_phone_2\" class=\"input\" data-required_mark=\"not_required\" data-field_type=\"input\" data-original_id=\"phone\" placeholder=\"Phone (Optional)\" title=\"\" value=\"\" \/><\/div><div class=\"et_pb_contact_field_3 et_pb_contact_field et_pb_module et_flex_module et_flex_column_24_24 et_flex_column_24_24_tablet et_flex_column_24_24_phone\" data-id=\"message\" data-type=\"text\"><label class=\"et_pb_contact_form_label\" for=\"et_pb_contact_0_message_3\">Describe the issue that you need help with<\/label><textarea name=\"et_pb_contact_0_message_3\" id=\"et_pb_contact_0_message_3\" class=\"et_pb_contact_message input\" data-required_mark=\"required\" data-field_type=\"text\" data-original_id=\"message\" placeholder=\"Describe the issue that you need help with\"><\/textarea><\/div><div class=\"et_pb_contact_field_4 et_pb_contact_field et_pb_module et_flex_module et_flex_column_24_24 et_flex_column_24_24_tablet et_flex_column_24_24_phone\" data-id=\"checkboxes\" data-type=\"checkbox\"><label class=\"et_pb_contact_form_label\">GDPR<\/label><input type=\"hidden\" name=\"et_pb_contact_0_checkboxes_4\" class=\"et_pb_checkbox_handle\" data-required_mark=\"required\" data-field_type=\"checkbox\" data-original_id=\"checkboxes\" \/><span class=\"et_pb_contact_field_options_wrapper\"><span class=\"et_pb_contact_field_options_title\">GDPR<\/span><span class=\"et_pb_contact_field_options_list\"><span class=\"et_pb_contact_field_checkbox\"><input type=\"checkbox\" id=\"et_pb_contact_0_checkboxes_4_0\" class=\"input\" value=\"Elolvastam \u00e9s elfogadom az \u00c1ltal\u00e1nos Szerz\u0151d\u00e9si Felt\u00e9teleket\" data-required_mark=\"required\" data-field_type=\"checkbox\" data-original_id=\"checkboxes\" \/><label for=\"et_pb_contact_0_checkboxes_4_0\"><i><\/i>I have read and accept the Terms of Service<\/label><\/span><span class=\"et_pb_contact_field_checkbox\"><input type=\"checkbox\" id=\"et_pb_contact_0_checkboxes_4_1\" class=\"input\" value=\"Elolvastam Adatkezel\u00e9si T\u00e1j\u00e9koztat\u00f3t, \u00e9s hozz\u00e1j\u00e1rulok ahhoz, hogy adataimat annak megfelel\u0151en kezeld\" data-required_mark=\"required\" data-field_type=\"checkbox\" data-original_id=\"checkboxes\" \/><label for=\"et_pb_contact_0_checkboxes_4_1\"><i><\/i>I have read and understood the Privacy Policy, and I agree to the processing of my personal data as described therein.<\/label><\/span><\/span><\/span><\/div><input type=\"hidden\" name=\"et_pb_contactform_submit_5532a552-1f49-4360-a85b-e7e7474a6699\" value=\"et_contact_proccess\" \/><div class=\"et_contact_bottom_container\"><div class=\"et_pb_button_wrapper\"><button type=\"submit\" name=\"et_builder_submit_button\" class=\"et_pb_button et_pb_contact_submit\">Send<\/button><\/div><\/div><input type=\"hidden\" id=\"_wpnonce-et-pb-contact-form-submitted-5532a552-1f49-4360-a85b-e7e7474a6699\" name=\"_wpnonce-et-pb-contact-form-submitted-5532a552-1f49-4360-a85b-e7e7474a6699\" value=\"5bb03c53ad\" \/><input type=\"hidden\" name=\"_wp_http_referer\" value=\"\/en\/wp-json\/wp\/v2\/pages\/57779\" \/><input type=\"hidden\" name=\"trp-form-language\" value=\"en\"\/><\/form><\/div><\/div><\/div><div class=\"et_pb_column_2 et_pb_column et_pb_column_2_5 et-last-child et_block_column et_pb_css_mix_blend_mode_passthrough\"><div class=\"et_pb_image_0 et_pb_image et_pb_module et_block_module\"><span class=\"et_pb_image_wrap\"><img loading=\"lazy\" decoding=\"async\" src=\"https:\/\/www.programozotegyorara.hu\/wp-content\/uploads\/2022\/03\/asztalos-david-e1647011382878.jpg\" width=\"694\" height=\"694\" srcset=\"https:\/\/www.programozotegyorara.hu\/wp-content\/uploads\/2022\/03\/asztalos-david-e1647011382878.jpg 694w, https:\/\/www.programozotegyorara.hu\/wp-content\/uploads\/2022\/03\/asztalos-david-e1647011382878-480x480.jpg 480w\" sizes=\"(min-width: 0px) and (max-width: 480px) 480px, (min-width: 481px) 694px, 100vw\" class=\"wp-image-6491\" title=\"asztalos-david\" \/><\/span><\/div><div class=\"et_pb_text_1 et_pb_text et_pb_bg_layout_light et_pb_module et_block_module\"><div class=\"et_pb_text_inner\"><h4>Thank you for your interest in my services!<\/h4>\n<p>For inquiries, please fill out the form below and I will get back to you within 24 hours by email or phone call. <strong>Please briefly describe the issue you are having in the message.<\/strong><\/p>\n<p>If you prefer to communicate by email, write me at the following address: <a href=\"mailto:david@programozotegyorara.hu\">david@programozotegyorara.hu<\/a> .<\/p>\n<p>If you prefer to speak, please call or WhatsApp me at +36 30 222 8260 between 9am and 5pm CET. If you cannot reach me, I will call you back as soon as I can.<\/p>\n<\/div><\/div><div class=\"et_pb_blurb_0 et_pb_blurb et_pb_bg_layout_light et_pb_blurb_position_left et_pb_module et_block_module\"><div class=\"et_pb_blurb_content\"><div class=\"et_pb_main_blurb_image\"><span class=\"et_pb_image_wrap\"><span class=\"et-pb-icon et-waypoint et_pb_animation_off et_pb_animation_off_tablet et_pb_animation_off_phone\">\uf879<\/span><\/span><\/div><div class=\"et_pb_blurb_container\"><h4 class=\"et_pb_module_header\">+36 30 222 8260<\/h4><\/div><\/div><\/div><div class=\"et_pb_blurb_1 et_pb_blurb et_pb_bg_layout_light et_pb_blurb_position_left et_pb_module et_block_module\"><div class=\"et_pb_blurb_content\"><div class=\"et_pb_main_blurb_image\"><span class=\"et_pb_image_wrap\"><span class=\"et-pb-icon et-waypoint et_pb_animation_off et_pb_animation_off_tablet et_pb_animation_off_phone\">\uf0e0<\/span><\/span><\/div><div class=\"et_pb_blurb_container\"><h4 class=\"et_pb_module_header\">david@programozotegyorara.hu<\/h4><\/div><\/div><\/div><div class=\"et_pb_blurb_2 et_pb_blurb et_pb_bg_layout_light et_pb_blurb_position_left et_pb_module et_block_module\"><div class=\"et_pb_blurb_content\"><div class=\"et_pb_main_blurb_image\"><a href=\"https:\/\/alt.programozotegyorara.hu\"><span class=\"et_pb_image_wrap\"><span class=\"et-pb-icon et-waypoint et_pb_animation_off et_pb_animation_off_tablet et_pb_animation_off_phone\">\uf197<\/span><\/span><\/a><\/div><div class=\"et_pb_blurb_container\"><h4 class=\"et_pb_module_header\"><a href=\"https:\/\/alt.programozotegyorara.hu\">Geminispace capsule<\/a><\/h4><\/div><\/div><\/div><div class=\"et_pb_blurb_3 et_pb_blurb et_pb_bg_layout_light et_pb_blurb_position_left et_pb_module et_block_module\"><div class=\"et_pb_blurb_content\"><div class=\"et_pb_main_blurb_image\"><span class=\"et_pb_image_wrap\"><span class=\"et-pb-icon et-waypoint et_pb_animation_off et_pb_animation_off_tablet et_pb_animation_off_phone\">\uf39f<\/span><\/span><\/div><div class=\"et_pb_blurb_container\"><h4 class=\"et_pb_module_header\">I avoid social media<\/h4><\/div><\/div><\/div><\/div><\/div><div class=\"et_pb_bottom_inside_divider et-no-transition\"><\/div><\/div>","protected":false},"excerpt":{"rendered":"<p>Megb\u00edzhat\u00f3 WordPress programoz\u00f3: kommunik\u00e1l, nem cs\u00faszik el a hat\u00e1rid\u0151kkel \u00e9s nem magyar\u00e1zkodik. Azt csin\u00e1lja, amit meg\u00edg\u00e9r.<\/p>","protected":false},"author":1,"featured_media":0,"parent":0,"menu_order":0,"comment_status":"closed","ping_status":"closed","template":"","meta":{"inline_featured_image":false,"footnotes":""},"class_list":["post-57779","page","type-page","status-publish","hentry"],"yoast_head":"<!-- This site is optimized with the Yoast SEO plugin v27.5 - https:\/\/yoast.com\/product\/yoast-seo-wordpress\/ -->\n<title>Megb\u00edzhat\u00f3 WordPress programoz\u00f3<\/title>\n<meta name=\"description\" content=\"Megb\u00edzhat\u00f3 WordPress programoz\u00f3: kommunik\u00e1l, nem cs\u00faszik el a hat\u00e1rid\u0151kkel \u00e9s nem magyar\u00e1zkodik. Azt csin\u00e1lja, amit meg\u00edg\u00e9r.\" \/>\n<meta name=\"robots\" content=\"index, follow, max-snippet:-1, max-image-preview:large, max-video-preview:-1\" \/>\n<link rel=\"canonical\" href=\"https:\/\/www.programozotegyorara.hu\/en\/kapcsolat\/\" \/>\n<meta property=\"og:locale\" content=\"en_US\" \/>\n<meta property=\"og:type\" content=\"article\" \/>\n<meta property=\"og:title\" content=\"Sz\u00e9tesik? Nem megy? Elt\u0171nt?\" \/>\n<meta property=\"og:description\" content=\"Gyors seg\u00edts\u00e9g WordPress vagy webes probl\u00e9m\u00e1k \u00e9s elt\u0171nt programoz\u00f3 eset\u00e9n\" \/>\n<meta property=\"og:url\" content=\"https:\/\/www.programozotegyorara.hu\/en\/kapcsolat\/\" \/>\n<meta property=\"og:site_name\" content=\"Programoz\u00f3t egy \u00f3r\u00e1ra\" \/>\n<meta property=\"article:modified_time\" content=\"2026-03-01T19:40:46+00:00\" \/>\n<meta name=\"twitter:card\" content=\"summary_large_image\" \/>\n<meta name=\"twitter:title\" content=\"Sz\u00e9tesik? Nem megy? Elt\u0171nt?\" \/>\n<meta name=\"twitter:description\" content=\"Gyors seg\u00edts\u00e9g WordPress vagy webes probl\u00e9m\u00e1k \u00e9s elt\u0171nt programoz\u00f3 eset\u00e9n\" \/>\n<meta name=\"twitter:label1\" content=\"Est. reading time\" \/>\n\t<meta name=\"twitter:data1\" content=\"1 minute\" \/>\n<script type=\"application\/ld+json\" class=\"yoast-schema-graph\">{\"@context\":\"https:\\\/\\\/schema.org\",\"@graph\":[{\"@type\":[\"WebPage\",\"AboutPage\"],\"@id\":\"https:\\\/\\\/www.programozotegyorara.hu\\\/kapcsolat\\\/\",\"url\":\"https:\\\/\\\/www.programozotegyorara.hu\\\/kapcsolat\\\/\",\"name\":\"Megb\u00edzhat\u00f3 WordPress programoz\u00f3\",\"isPartOf\":{\"@id\":\"https:\\\/\\\/www.programozotegyorara.hu\\\/#website\"},\"datePublished\":\"2024-03-29T19:56:03+00:00\",\"dateModified\":\"2026-03-01T19:40:46+00:00\",\"description\":\"Megb\u00edzhat\u00f3 WordPress programoz\u00f3: kommunik\u00e1l, nem cs\u00faszik el a hat\u00e1rid\u0151kkel \u00e9s nem magyar\u00e1zkodik. Azt csin\u00e1lja, amit meg\u00edg\u00e9r.\",\"breadcrumb\":{\"@id\":\"https:\\\/\\\/www.programozotegyorara.hu\\\/kapcsolat\\\/#breadcrumb\"},\"inLanguage\":\"en-US\",\"potentialAction\":[{\"@type\":\"ReadAction\",\"target\":[\"https:\\\/\\\/www.programozotegyorara.hu\\\/kapcsolat\\\/\"]}]},{\"@type\":\"BreadcrumbList\",\"@id\":\"https:\\\/\\\/www.programozotegyorara.hu\\\/kapcsolat\\\/#breadcrumb\",\"itemListElement\":[{\"@type\":\"ListItem\",\"position\":1,\"name\":\"Home\",\"item\":\"https:\\\/\\\/www.programozotegyorara.hu\\\/\"},{\"@type\":\"ListItem\",\"position\":2,\"name\":\"Kapcsolat\"}]},{\"@type\":\"WebSite\",\"@id\":\"https:\\\/\\\/www.programozotegyorara.hu\\\/#website\",\"url\":\"https:\\\/\\\/www.programozotegyorara.hu\\\/\",\"name\":\"Programoz\u00f3t egy \u00f3r\u00e1ra\",\"description\":\"Megb\u00edzhat\u00f3 Wordpress programoz\u00f3, aki nem t\u0171nik el \u00e9s j\u00f3l kommunik\u00e1l\",\"potentialAction\":[{\"@type\":\"SearchAction\",\"target\":{\"@type\":\"EntryPoint\",\"urlTemplate\":\"https:\\\/\\\/www.programozotegyorara.hu\\\/?s={search_term_string}\"},\"query-input\":{\"@type\":\"PropertyValueSpecification\",\"valueRequired\":true,\"valueName\":\"search_term_string\"}}],\"inLanguage\":\"en-US\"}]}<\/script>\n<!-- \/ Yoast SEO plugin. -->","yoast_head_json":{"title":"Megb\u00edzhat\u00f3 WordPress programoz\u00f3","description":"Megb\u00edzhat\u00f3 WordPress programoz\u00f3: kommunik\u00e1l, nem cs\u00faszik el a hat\u00e1rid\u0151kkel \u00e9s nem magyar\u00e1zkodik. Azt csin\u00e1lja, amit meg\u00edg\u00e9r.","robots":{"index":"index","follow":"follow","max-snippet":"max-snippet:-1","max-image-preview":"max-image-preview:large","max-video-preview":"max-video-preview:-1"},"canonical":"https:\/\/www.programozotegyorara.hu\/en\/kapcsolat\/","og_locale":"en_US","og_type":"article","og_title":"Sz\u00e9tesik? Nem megy? Elt\u0171nt?","og_description":"Gyors seg\u00edts\u00e9g WordPress vagy webes probl\u00e9m\u00e1k \u00e9s elt\u0171nt programoz\u00f3 eset\u00e9n","og_url":"https:\/\/www.programozotegyorara.hu\/en\/kapcsolat\/","og_site_name":"Programoz\u00f3t egy \u00f3r\u00e1ra","article_modified_time":"2026-03-01T19:40:46+00:00","twitter_card":"summary_large_image","twitter_title":"Sz\u00e9tesik? Nem megy? Elt\u0171nt?","twitter_description":"Gyors seg\u00edts\u00e9g WordPress vagy webes probl\u00e9m\u00e1k \u00e9s elt\u0171nt programoz\u00f3 eset\u00e9n","twitter_misc":{"Est. reading time":"1 minute"},"schema":{"@context":"https:\/\/schema.org","@graph":[{"@type":["WebPage","AboutPage"],"@id":"https:\/\/www.programozotegyorara.hu\/kapcsolat\/","url":"https:\/\/www.programozotegyorara.hu\/kapcsolat\/","name":"Megb\u00edzhat\u00f3 WordPress programoz\u00f3","isPartOf":{"@id":"https:\/\/www.programozotegyorara.hu\/#website"},"datePublished":"2024-03-29T19:56:03+00:00","dateModified":"2026-03-01T19:40:46+00:00","description":"Megb\u00edzhat\u00f3 WordPress programoz\u00f3: kommunik\u00e1l, nem cs\u00faszik el a hat\u00e1rid\u0151kkel \u00e9s nem magyar\u00e1zkodik. Azt csin\u00e1lja, amit meg\u00edg\u00e9r.","breadcrumb":{"@id":"https:\/\/www.programozotegyorara.hu\/kapcsolat\/#breadcrumb"},"inLanguage":"en-US","potentialAction":[{"@type":"ReadAction","target":["https:\/\/www.programozotegyorara.hu\/kapcsolat\/"]}]},{"@type":"BreadcrumbList","@id":"https:\/\/www.programozotegyorara.hu\/kapcsolat\/#breadcrumb","itemListElement":[{"@type":"ListItem","position":1,"name":"Home","item":"https:\/\/www.programozotegyorara.hu\/"},{"@type":"ListItem","position":2,"name":"Kapcsolat"}]},{"@type":"WebSite","@id":"https:\/\/www.programozotegyorara.hu\/#website","url":"https:\/\/www.programozotegyorara.hu\/","name":"this service","description":"Megb\u00edzhat\u00f3 Wordpress programoz\u00f3, aki nem t\u0171nik el \u00e9s j\u00f3l kommunik\u00e1l","potentialAction":[{"@type":"SearchAction","target":{"@type":"EntryPoint","urlTemplate":"https:\/\/www.programozotegyorara.hu\/?s={search_term_string}"},"query-input":{"@type":"PropertyValueSpecification","valueRequired":true,"valueName":"search_term_string"}}],"inLanguage":"en-US"}]}},"_links":{"self":[{"href":"https:\/\/www.programozotegyorara.hu\/en\/wp-json\/wp\/v2\/pages\/57779","targetHints":{"allow":["GET"]}}],"collection":[{"href":"https:\/\/www.programozotegyorara.hu\/en\/wp-json\/wp\/v2\/pages"}],"about":[{"href":"https:\/\/www.programozotegyorara.hu\/en\/wp-json\/wp\/v2\/types\/page"}],"author":[{"embeddable":true,"href":"https:\/\/www.programozotegyorara.hu\/en\/wp-json\/wp\/v2\/users\/1"}],"replies":[{"embeddable":true,"href":"https:\/\/www.programozotegyorara.hu\/en\/wp-json\/wp\/v2\/comments?post=57779"}],"version-history":[{"count":14,"href":"https:\/\/www.programozotegyorara.hu\/en\/wp-json\/wp\/v2\/pages\/57779\/revisions"}],"predecessor-version":[{"id":58272,"href":"https:\/\/www.programozotegyorara.hu\/en\/wp-json\/wp\/v2\/pages\/57779\/revisions\/58272"}],"wp:attachment":[{"href":"https:\/\/www.programozotegyorara.hu\/en\/wp-json\/wp\/v2\/media?parent=57779"}],"curies":[{"name":"wp","href":"https:\/\/api.w.org\/{rel}","templated":true}]}}